{"id":970,"date":"2020-06-05T19:46:10","date_gmt":"2020-06-05T17:46:10","guid":{"rendered":"https:\/\/www.vise.hu\/?page_id=970"},"modified":"2020-06-06T02:53:25","modified_gmt":"2020-06-06T00:53:25","slug":"nav-szamlazas","status":"publish","type":"page","link":"https:\/\/www.vise.hu\/?page_id=970","title":{"rendered":"Nav \/ Sz\u00e1ml\u00e1z\u00e1s"},"content":{"rendered":"","protected":true},"excerpt":{"rendered":"","protected":true},"author":2,"featured_media":0,"parent":26,"menu_order":0,"comment_status":"closed","ping_status":"closed","template":"","meta":{"footnotes":""},"class_list":["post-970","page","type-page","status-publish","post-password-required","hentry"],"_links":{"self":[{"href":"https:\/\/www.vise.hu\/index.php?rest_route=\/wp\/v2\/pages\/970","targetHints":{"allow":["GET"]}}],"collection":[{"href":"https:\/\/www.vise.hu\/index.php?rest_route=\/wp\/v2\/pages"}],"about":[{"href":"https:\/\/www.vise.hu\/index.php?rest_route=\/wp\/v2\/types\/page"}],"author":[{"embeddable":true,"href":"https:\/\/www.vise.hu\/index.php?rest_route=\/wp\/v2\/users\/2"}],"replies":[{"embeddable":true,"href":"https:\/\/www.vise.hu\/index.php?rest_route=%2Fwp%2Fv2%2Fcomments&post=970"}],"version-history":[{"count":2,"href":"https:\/\/www.vise.hu\/index.php?rest_route=\/wp\/v2\/pages\/970\/revisions"}],"predecessor-version":[{"id":974,"href":"https:\/\/www.vise.hu\/index.php?rest_route=\/wp\/v2\/pages\/970\/revisions\/974"}],"up":[{"embeddable":true,"href":"https:\/\/www.vise.hu\/index.php?rest_route=\/wp\/v2\/pages\/26"}],"wp:attachment":[{"href":"https:\/\/www.vise.hu\/index.php?rest_route=%2Fwp%2Fv2%2Fmedia&parent=970"}],"curies":[{"name":"wp","href":"https:\/\/api.w.org\/{rel}","templated":true}]}}