{"id":74,"date":"2019-05-28T21:27:31","date_gmt":"2019-05-28T19:27:31","guid":{"rendered":"http:\/\/192.168.10.109\/?page_id=74"},"modified":"2021-01-30T08:28:24","modified_gmt":"2021-01-30T07:28:24","slug":"alapito-dokumentumok","status":"publish","type":"page","link":"https:\/\/www.vise.hu\/?page_id=74","title":{"rendered":"B\u00edr\u00f3s\u00e1gi v\u00e9gz\u00e9sek"},"content":{"rendered":"\n<div class=\"wp-block-file\"><a href=\"https:\/\/www.vise.hu\/wp-content\/uploads\/2021\/01\/Modositast-bejegyzo-vegzes_KSS500_20210126_16534682.pdf\">M\u00f3dos\u00edt\u00e1st bejegyz\u0151 v\u00e9gz\u00e9s KSS500 2021.01.26.<\/a><\/div>\n\n\n\n<div class=\"wp-block-file\"><a href=\"https:\/\/www.vise.hu\/wp-content\/uploads\/2021\/01\/Hianypotlo-vegzes.pdf\">Hi\u00e1nyp\u00f3tl\u00f3 v\u00e9gz\u00e9s 2021.01.14.<\/a><\/div>\n\n\n\n<div class=\"wp-block-file\"><a href=\"http:\/\/www.vise.hu\/wp-content\/uploads\/2019\/06\/KSS500_20190304_14014231.pdf\">M\u00f3dos\u00edt\u00e1st bejegyz\u0151 v\u00e9gz\u00e9s KSS500 2019.03.04.<\/a><\/div>\n\n\n\n<div class=\"wp-block-file\"><a href=\"http:\/\/www.vise.hu\/wp-content\/uploads\/2019\/06\/VegzesVISE_HP_2018.09.24.pdf\"> V\u00e9gz\u00e9s VISE HP 2018.09.24. <\/a><\/div>\n\n\n\n<div class=\"wp-block-file\"><a href=\"http:\/\/www.vise.hu\/wp-content\/uploads\/2019\/06\/Modositastbejegyzovegzes-2018.04.18..pdf\"> M\u00f3dos\u00edt\u00e1st bejegyz\u0151 v\u00e9gz\u00e9s 2018.04.18. <\/a><\/div>\n\n\n\n<div class=\"wp-block-file\"><a href=\"http:\/\/www.vise.hu\/wp-content\/uploads\/2019\/06\/Modositasteutasitovegzes-2018.02.18..pdf\"> M\u00f3dos\u00edt\u00e1st elutas\u00edt\u00f3 v\u00e9gz\u00e9s 2018.02.18. <\/a><\/div>\n\n\n\n<div class=\"wp-block-file\"><a href=\"http:\/\/www.vise.hu\/wp-content\/uploads\/2019\/06\/Valtozastbejegyzovegzes-2017.02.07..pdf\"> V\u00e1ltoz\u00e1s bejegyz\u0151 v\u00e9gz\u00e9s 2017.02.07. <\/a><\/div>\n","protected":false},"excerpt":{"rendered":"","protected":false},"author":1,"featured_media":0,"parent":25,"menu_order":0,"comment_status":"closed","ping_status":"closed","template":"","meta":{"footnotes":""},"class_list":["post-74","page","type-page","status-publish","hentry"],"_links":{"self":[{"href":"https:\/\/www.vise.hu\/index.php?rest_route=\/wp\/v2\/pages\/74","targetHints":{"allow":["GET"]}}],"collection":[{"href":"https:\/\/www.vise.hu\/index.php?rest_route=\/wp\/v2\/pages"}],"about":[{"href":"https:\/\/www.vise.hu\/index.php?rest_route=\/wp\/v2\/types\/page"}],"author":[{"embeddable":true,"href":"https:\/\/www.vise.hu\/index.php?rest_route=\/wp\/v2\/users\/1"}],"replies":[{"embeddable":true,"href":"https:\/\/www.vise.hu\/index.php?rest_route=%2Fwp%2Fv2%2Fcomments&post=74"}],"version-history":[{"count":12,"href":"https:\/\/www.vise.hu\/index.php?rest_route=\/wp\/v2\/pages\/74\/revisions"}],"predecessor-version":[{"id":1113,"href":"https:\/\/www.vise.hu\/index.php?rest_route=\/wp\/v2\/pages\/74\/revisions\/1113"}],"up":[{"embeddable":true,"href":"https:\/\/www.vise.hu\/index.php?rest_route=\/wp\/v2\/pages\/25"}],"wp:attachment":[{"href":"https:\/\/www.vise.hu\/index.php?rest_route=%2Fwp%2Fv2%2Fmedia&parent=74"}],"curies":[{"name":"wp","href":"https:\/\/api.w.org\/{rel}","templated":true}]}}