{"id":730,"date":"2019-06-19T10:52:41","date_gmt":"2019-06-19T08:52:41","guid":{"rendered":"http:\/\/www.vise.hu\/?page_id=730"},"modified":"2023-11-29T07:56:37","modified_gmt":"2023-11-29T06:56:37","slug":"tagdij-es-fejlesztesi-hozzajarulas","status":"publish","type":"page","link":"https:\/\/www.vise.hu\/?page_id=730","title":{"rendered":"Fejleszt\u00e9si hozz\u00e1j\u00e1rul\u00e1s"},"content":{"rendered":"\n<div class=\"wp-block-file\"><\/div>\n\n\n\n<div data-wp-interactive=\"core\/file\" class=\"wp-block-file\"><object data-wp-bind--hidden=\"!state.hasPdfPreview\" hidden class=\"wp-block-file__embed\" data=\"https:\/\/www.vise.hu\/wp-content\/uploads\/2023\/11\/TagPerEvFejlesztesi.pdf\" type=\"application\/pdf\" style=\"width:100%;height:600px\" aria-label=\"Fejleszt\u00e9si befizet\u00e9sek 2023 v\u00e9g\u00e9n be\u00e1gyaz\u00e1sa\"><\/object><a id=\"wp-block-file--media-48c97c85-922c-47b3-a74e-97afa35bbb49\" href=\"https:\/\/www.vise.hu\/wp-content\/uploads\/2023\/11\/TagPerEvFejlesztesi.pdf\" target=\"_blank\" rel=\"noreferrer noopener\">Fejleszt\u00e9si befizet\u00e9sek 2023 v\u00e9g\u00e9n<\/a><\/div>\n","protected":false},"excerpt":{"rendered":"","protected":false},"author":2,"featured_media":0,"parent":37,"menu_order":0,"comment_status":"closed","ping_status":"closed","template":"","meta":{"footnotes":""},"class_list":["post-730","page","type-page","status-publish","hentry"],"_links":{"self":[{"href":"https:\/\/www.vise.hu\/index.php?rest_route=\/wp\/v2\/pages\/730","targetHints":{"allow":["GET"]}}],"collection":[{"href":"https:\/\/www.vise.hu\/index.php?rest_route=\/wp\/v2\/pages"}],"about":[{"href":"https:\/\/www.vise.hu\/index.php?rest_route=\/wp\/v2\/types\/page"}],"author":[{"embeddable":true,"href":"https:\/\/www.vise.hu\/index.php?rest_route=\/wp\/v2\/users\/2"}],"replies":[{"embeddable":true,"href":"https:\/\/www.vise.hu\/index.php?rest_route=%2Fwp%2Fv2%2Fcomments&post=730"}],"version-history":[{"count":20,"href":"https:\/\/www.vise.hu\/index.php?rest_route=\/wp\/v2\/pages\/730\/revisions"}],"predecessor-version":[{"id":1638,"href":"https:\/\/www.vise.hu\/index.php?rest_route=\/wp\/v2\/pages\/730\/revisions\/1638"}],"up":[{"embeddable":true,"href":"https:\/\/www.vise.hu\/index.php?rest_route=\/wp\/v2\/pages\/37"}],"wp:attachment":[{"href":"https:\/\/www.vise.hu\/index.php?rest_route=%2Fwp%2Fv2%2Fmedia&parent=730"}],"curies":[{"name":"wp","href":"https:\/\/api.w.org\/{rel}","templated":true}]}}