{"id":717,"date":"2019-06-13T06:44:11","date_gmt":"2019-06-13T04:44:11","guid":{"rendered":"http:\/\/www.vise.hu\/?page_id=717"},"modified":"2019-06-13T06:45:27","modified_gmt":"2019-06-13T04:45:27","slug":"onkentes-munka","status":"publish","type":"page","link":"https:\/\/www.vise.hu\/?page_id=717","title":{"rendered":"\u00d6nk\u00e9ntes munka"},"content":{"rendered":"\n<p>Ezen a lapon az \u00f6nk\u00e9ntes munkav\u00e9gz\u00e9sedet tudod dokument\u00e1ltan elk\u00fcldeni a k\u00f6nyvel\u00e9s sz\u00e1m\u00e1ra. Ha nem k\u00edv\u00e1nsz \u00e9lni ezzel a lehet\u0151s\u00e9ggel, szezon v\u00e9g\u00e9n az \u00f6sszefoglal\u00f3 lapon megteheted azt.<\/p>\n\n\n","protected":false},"excerpt":{"rendered":"<p>Ezen a lapon az \u00f6nk\u00e9ntes munkav\u00e9gz\u00e9sedet tudod dokument\u00e1ltan elk\u00fcldeni a k\u00f6nyvel\u00e9s sz\u00e1m\u00e1ra. Ha nem k\u00edv\u00e1nsz \u00e9lni ezzel a lehet\u0151s\u00e9ggel, szezon v\u00e9g\u00e9n az \u00f6sszefoglal\u00f3 lapon megteheted azt.<\/p>\n","protected":false},"author":2,"featured_media":0,"parent":37,"menu_order":0,"comment_status":"closed","ping_status":"closed","template":"","meta":{"footnotes":""},"class_list":["post-717","page","type-page","status-publish","hentry"],"_links":{"self":[{"href":"https:\/\/www.vise.hu\/index.php?rest_route=\/wp\/v2\/pages\/717","targetHints":{"allow":["GET"]}}],"collection":[{"href":"https:\/\/www.vise.hu\/index.php?rest_route=\/wp\/v2\/pages"}],"about":[{"href":"https:\/\/www.vise.hu\/index.php?rest_route=\/wp\/v2\/types\/page"}],"author":[{"embeddable":true,"href":"https:\/\/www.vise.hu\/index.php?rest_route=\/wp\/v2\/users\/2"}],"replies":[{"embeddable":true,"href":"https:\/\/www.vise.hu\/index.php?rest_route=%2Fwp%2Fv2%2Fcomments&post=717"}],"version-history":[{"count":1,"href":"https:\/\/www.vise.hu\/index.php?rest_route=\/wp\/v2\/pages\/717\/revisions"}],"predecessor-version":[{"id":719,"href":"https:\/\/www.vise.hu\/index.php?rest_route=\/wp\/v2\/pages\/717\/revisions\/719"}],"up":[{"embeddable":true,"href":"https:\/\/www.vise.hu\/index.php?rest_route=\/wp\/v2\/pages\/37"}],"wp:attachment":[{"href":"https:\/\/www.vise.hu\/index.php?rest_route=%2Fwp%2Fv2%2Fmedia&parent=717"}],"curies":[{"name":"wp","href":"https:\/\/api.w.org\/{rel}","templated":true}]}}