{"id":702,"date":"2019-06-11T19:07:28","date_gmt":"2019-06-11T17:07:28","guid":{"rendered":"http:\/\/www.vise.hu\/?page_id=702"},"modified":"2022-05-04T14:41:37","modified_gmt":"2022-05-04T12:41:37","slug":"idojaras","status":"publish","type":"page","link":"https:\/\/www.vise.hu\/?page_id=702","title":{"rendered":"Id\u0151j\u00e1r\u00e1s"},"content":{"rendered":"\n<p><a href=\"http:\/\/www.blitzortung.org\/Webpages\/index.php?lang=hu&amp;page_0=15\" target=\"_blank\" rel=\"noreferrer noopener\" aria-label=\" (opens in a new tab)\">Aktu\u00e1lis viharok<\/a><\/p>\n\n\n\n<p><a href=\"http:\/\/hu.sat24.com\/hu\/\/hu?ir=true\" target=\"_blank\" rel=\"noreferrer noopener\" aria-label=\" (opens in a new tab)\">SAT 24<\/a><\/p>\n\n\n\n<p><a href=\"https:\/\/www.met.hu\/idojaras\/tavaink\/balaton\/\" target=\"_blank\" rel=\"noreferrer noopener\" aria-label=\" (opens in a new tab)\">Balatoni sz\u00e9l<\/a><\/p>\n\n\n\n<p><a href=\"https:\/\/wrf.idokep.hu\/\" target=\"_blank\" rel=\"noreferrer noopener\" aria-label=\" (opens in a new tab)\">Id\u0151k\u00e9p WRF<\/a><\/p>\n\n\n\n<p><a href=\"https:\/\/www.idokep.hu\/radar\" target=\"_blank\" rel=\"noreferrer noopener\" aria-label=\" (opens in a new tab)\">Id\u0151k\u00e9p radar<\/a><\/p>\n\n\n\n<p><a href=\"https:\/\/www.idokep.hu\/balaton\" target=\"_blank\" rel=\"noreferrer noopener\" aria-label=\" (opens in a new tab)\">Id\u0151k\u00e9p Balaton<\/a><\/p>\n\n\n\n<p><a href=\"https:\/\/www.windy.com\/?46.878,18.964,8\" target=\"_blank\" rel=\"noreferrer noopener\" aria-label=\" (opens in a new tab)\">Windy<\/a><\/p>\n\n\n\n<p><a href=\"http:\/\/www.rsoe.hu\/tevekenysegek\/viharjelzo\" target=\"_blank\" rel=\"noreferrer noopener\" aria-label=\"Viharjelz\u00e9s (opens in a new tab)\">Viharjelz\u00e9s<\/a><\/p>\n\n\n\n<p><a href=\"https:\/\/www.idojaras.hu\/\" target=\"_blank\" rel=\"noreferrer noopener\" aria-label=\"Id\u0151j\u00e1r\u00e1s.hu (opens in a new tab)\">Id\u0151j\u00e1r\u00e1s.hu<\/a><\/p>\n\n\n\n<p><a href=\"https:\/\/www.windfinder.com\/?utm_source=www.windfinder.com&amp;utm_medium=web&amp;utm_campaign=redirect#8\/47.0881\/19.7765\" target=\"_blank\" rel=\"noreferrer noopener\" aria-label=\" (opens in a new tab)\">WindFinder<\/a><\/p>\n","protected":false},"excerpt":{"rendered":"<p>Aktu\u00e1lis viharok SAT 24 Balatoni sz\u00e9l Id\u0151k\u00e9p WRF Id\u0151k\u00e9p radar Id\u0151k\u00e9p Balaton Windy Viharjelz\u00e9s Id\u0151j\u00e1r\u00e1s.hu WindFinder<\/p>\n","protected":false},"author":2,"featured_media":0,"parent":0,"menu_order":0,"comment_status":"closed","ping_status":"closed","template":"","meta":{"footnotes":""},"class_list":["post-702","page","type-page","status-publish","hentry"],"_links":{"self":[{"href":"https:\/\/www.vise.hu\/index.php?rest_route=\/wp\/v2\/pages\/702","targetHints":{"allow":["GET"]}}],"collection":[{"href":"https:\/\/www.vise.hu\/index.php?rest_route=\/wp\/v2\/pages"}],"about":[{"href":"https:\/\/www.vise.hu\/index.php?rest_route=\/wp\/v2\/types\/page"}],"author":[{"embeddable":true,"href":"https:\/\/www.vise.hu\/index.php?rest_route=\/wp\/v2\/users\/2"}],"replies":[{"embeddable":true,"href":"https:\/\/www.vise.hu\/index.php?rest_route=%2Fwp%2Fv2%2Fcomments&post=702"}],"version-history":[{"count":10,"href":"https:\/\/www.vise.hu\/index.php?rest_route=\/wp\/v2\/pages\/702\/revisions"}],"predecessor-version":[{"id":715,"href":"https:\/\/www.vise.hu\/index.php?rest_route=\/wp\/v2\/pages\/702\/revisions\/715"}],"wp:attachment":[{"href":"https:\/\/www.vise.hu\/index.php?rest_route=%2Fwp%2Fv2%2Fmedia&parent=702"}],"curies":[{"name":"wp","href":"https:\/\/api.w.org\/{rel}","templated":true}]}}