{"id":70,"date":"2019-05-28T21:04:25","date_gmt":"2019-05-28T19:04:25","guid":{"rendered":"http:\/\/192.168.10.109\/?page_id=70"},"modified":"2021-12-12T20:42:58","modified_gmt":"2021-12-12T19:42:58","slug":"_vise","status":"publish","type":"page","link":"https:\/\/www.vise.hu\/","title":{"rendered":"SZERETETTEL K\u00d6SZ\u00d6NT\u00dcNK A VITORL\u00c1S SPORT\u00c9RT K\u00d6ZHASZN\u00da EGYES\u00dcLET HONLAPJ\u00c1N!"},"content":{"rendered":"\n<h3 class=\"wp-block-heading\">Egyes\u00fclet\u00fcnk c\u00e9lkit\u0171z\u00e9se a szabadid\u0151s v\u00edzi sportok n\u00e9pszer\u0171s\u00edt\u00e9se \u00e9s t\u00e1mogat\u00e1sa, a v\u00edzi sportok er\u0151s\u00edt\u00e9se.<\/h3>\n\n\n\n<p>\n\nHa ell\u00e1togatt\u00e1l a honlapunkra, val\u00f3sz\u00edn\u0171leg valamilyen form\u00e1ban m\u00e1r tal\u00e1lkozt\u00e1l vel\u00fcnk, most lehet\u0151s\u00e9ged ny\u00edlik arra, hogy a lehet\u0151 legt\u00f6bb inform\u00e1ci\u00f3val gazdagodj. Az\u00e9rt hoztuk l\u00e9tre ezt az oldalt, hogy b\u0151vebb inform\u00e1ci\u00f3val szolg\u00e1ljunk egyes\u00fclet\u00fcnk tev\u00e9kenys\u00e9g\u00e9r\u0151l, az egyes\u00fclet keretein bel\u00fcl m\u0171k\u00f6d\u0151 vitorl\u00e1s szakoszt\u00e1lyunk&nbsp;mindennapi m\u0171k\u00f6d\u00e9s\u00e9r\u0151l, c\u00e9lkit\u0171z\u00e9seir\u0151l, programjair\u00f3l minden \u00e9rdekl\u0151d\u0151 sz\u00e1m\u00e1ra.\n\n<\/p>\n","protected":false},"excerpt":{"rendered":"<p>Egyes\u00fclet\u00fcnk c\u00e9lkit\u0171z\u00e9se a szabadid\u0151s v\u00edzi sportok n\u00e9pszer\u0171s\u00edt\u00e9se \u00e9s t\u00e1mogat\u00e1sa, a v\u00edzi sportok er\u0151s\u00edt\u00e9se. Ha ell\u00e1togatt\u00e1l a honlapunkra, val\u00f3sz\u00edn\u0171leg valamilyen form\u00e1ban m\u00e1r tal\u00e1lkozt\u00e1l vel\u00fcnk, most lehet\u0151s\u00e9ged ny\u00edlik arra, hogy a lehet\u0151 &#8230;<\/p>\n","protected":false},"author":1,"featured_media":0,"parent":0,"menu_order":0,"comment_status":"closed","ping_status":"closed","template":"","meta":{"footnotes":""},"class_list":["post-70","page","type-page","status-publish","hentry"],"_links":{"self":[{"href":"https:\/\/www.vise.hu\/index.php?rest_route=\/wp\/v2\/pages\/70","targetHints":{"allow":["GET"]}}],"collection":[{"href":"https:\/\/www.vise.hu\/index.php?rest_route=\/wp\/v2\/pages"}],"about":[{"href":"https:\/\/www.vise.hu\/index.php?rest_route=\/wp\/v2\/types\/page"}],"author":[{"embeddable":true,"href":"https:\/\/www.vise.hu\/index.php?rest_route=\/wp\/v2\/users\/1"}],"replies":[{"embeddable":true,"href":"https:\/\/www.vise.hu\/index.php?rest_route=%2Fwp%2Fv2%2Fcomments&post=70"}],"version-history":[{"count":1,"href":"https:\/\/www.vise.hu\/index.php?rest_route=\/wp\/v2\/pages\/70\/revisions"}],"predecessor-version":[{"id":72,"href":"https:\/\/www.vise.hu\/index.php?rest_route=\/wp\/v2\/pages\/70\/revisions\/72"}],"wp:attachment":[{"href":"https:\/\/www.vise.hu\/index.php?rest_route=%2Fwp%2Fv2%2Fmedia&parent=70"}],"curies":[{"name":"wp","href":"https:\/\/api.w.org\/{rel}","templated":true}]}}