{"id":511,"date":"2019-06-05T13:46:37","date_gmt":"2019-06-05T11:46:37","guid":{"rendered":"http:\/\/comptrend.hu\/vise\/?page_id=511"},"modified":"2019-06-05T13:50:45","modified_gmt":"2019-06-05T11:50:45","slug":"szabaly-jatek","status":"publish","type":"page","link":"https:\/\/www.vise.hu\/?page_id=511","title":{"rendered":"Szab\u00e1ly j\u00e1t\u00e9k"},"content":{"rendered":"\n<p><a href=\"http:\/\/game.finckh.net\/indexhun.htm\">Ez a j\u00e1t\u00e9kos szab\u00e1lyismeret csak windows alatt m\u0171k\u00f6dik, neves magyar versenyb\u00edr\u00f3k adapt\u00e1lt\u00e1k, vannak benne hib\u00e1k de erre majd magad is r\u00e1 fogsz j\u00f6nni, enged\u00e9lyezned kell a flash \u00fczemet. J\u00f3 sz\u00f3rakoz\u00e1st!<\/a><\/p>\n","protected":false},"excerpt":{"rendered":"<p>Ez a j\u00e1t\u00e9kos szab\u00e1lyismeret csak windows alatt m\u0171k\u00f6dik, neves magyar versenyb\u00edr\u00f3k adapt\u00e1lt\u00e1k, vannak benne hib\u00e1k de erre majd magad is r\u00e1 fogsz j\u00f6nni, enged\u00e9lyezned kell a flash \u00fczemet. J\u00f3 sz\u00f3rakoz\u00e1st!<\/p>\n","protected":false},"author":2,"featured_media":0,"parent":204,"menu_order":0,"comment_status":"closed","ping_status":"closed","template":"","meta":{"footnotes":""},"class_list":["post-511","page","type-page","status-publish","hentry"],"_links":{"self":[{"href":"https:\/\/www.vise.hu\/index.php?rest_route=\/wp\/v2\/pages\/511","targetHints":{"allow":["GET"]}}],"collection":[{"href":"https:\/\/www.vise.hu\/index.php?rest_route=\/wp\/v2\/pages"}],"about":[{"href":"https:\/\/www.vise.hu\/index.php?rest_route=\/wp\/v2\/types\/page"}],"author":[{"embeddable":true,"href":"https:\/\/www.vise.hu\/index.php?rest_route=\/wp\/v2\/users\/2"}],"replies":[{"embeddable":true,"href":"https:\/\/www.vise.hu\/index.php?rest_route=%2Fwp%2Fv2%2Fcomments&post=511"}],"version-history":[{"count":3,"href":"https:\/\/www.vise.hu\/index.php?rest_route=\/wp\/v2\/pages\/511\/revisions"}],"predecessor-version":[{"id":515,"href":"https:\/\/www.vise.hu\/index.php?rest_route=\/wp\/v2\/pages\/511\/revisions\/515"}],"up":[{"embeddable":true,"href":"https:\/\/www.vise.hu\/index.php?rest_route=\/wp\/v2\/pages\/204"}],"wp:attachment":[{"href":"https:\/\/www.vise.hu\/index.php?rest_route=%2Fwp%2Fv2%2Fmedia&parent=511"}],"curies":[{"name":"wp","href":"https:\/\/api.w.org\/{rel}","templated":true}]}}