{"id":459,"date":"2019-06-04T08:26:05","date_gmt":"2019-06-04T06:26:05","guid":{"rendered":"http:\/\/comptrend.hu\/vise\/?page_id=459"},"modified":"2020-11-24T15:10:42","modified_gmt":"2020-11-24T14:10:42","slug":"birosagi-beszamolok","status":"publish","type":"page","link":"https:\/\/www.vise.hu\/?page_id=459","title":{"rendered":"B\u00edr\u00f3s\u00e1gi besz\u00e1mol\u00f3k"},"content":{"rendered":"\n<div class=\"wp-block-file\"><a href=\"http:\/\/www.vise.hu\/wp-content\/uploads\/2019\/06\/2013-asEv.pdf\">2013<\/a><\/div>\n\n\n\n<div class=\"wp-block-file\"><a href=\"http:\/\/www.vise.hu\/wp-content\/uploads\/2019\/06\/2014-esEv1.pdf\">2014_1<\/a><\/div>\n\n\n\n<div class=\"wp-block-file\"><a href=\"http:\/\/www.vise.hu\/wp-content\/uploads\/2019\/06\/2014-esEv2.pdf\">2014_2<\/a><\/div>\n\n\n\n<div class=\"wp-block-file\"><a href=\"http:\/\/www.vise.hu\/wp-content\/uploads\/2019\/06\/2015-esEv.pdf\">2015<\/a><\/div>\n\n\n\n<div class=\"wp-block-file\"><a href=\"http:\/\/www.vise.hu\/wp-content\/uploads\/2019\/06\/2016-esEv1.pdf\">2016_1<\/a><\/div>\n\n\n\n<div class=\"wp-block-file\"><a href=\"http:\/\/www.vise.hu\/wp-content\/uploads\/2019\/06\/2016-esEv2.pdf\">2016_2<\/a><\/div>\n\n\n\n<div class=\"wp-block-file\"><a href=\"http:\/\/www.vise.hu\/wp-content\/uploads\/2019\/06\/2017-esEv.pdf\">2017<\/a><\/div>\n\n\n\n<div class=\"wp-block-file\"><a href=\"http:\/\/www.vise.hu\/wp-content\/uploads\/2019\/06\/20190513_OBHGEPI.pdf\">2018_1<\/a><\/div>\n\n\n\n<div class=\"wp-block-file\"><a href=\"http:\/\/www.vise.hu\/wp-content\/uploads\/2019\/06\/OBHGEPI_PK_442.pdf\">2018_2<\/a><\/div>\n","protected":false},"excerpt":{"rendered":"","protected":false},"author":2,"featured_media":0,"parent":25,"menu_order":0,"comment_status":"closed","ping_status":"closed","template":"","meta":{"footnotes":""},"class_list":["post-459","page","type-page","status-publish","hentry"],"_links":{"self":[{"href":"https:\/\/www.vise.hu\/index.php?rest_route=\/wp\/v2\/pages\/459","targetHints":{"allow":["GET"]}}],"collection":[{"href":"https:\/\/www.vise.hu\/index.php?rest_route=\/wp\/v2\/pages"}],"about":[{"href":"https:\/\/www.vise.hu\/index.php?rest_route=\/wp\/v2\/types\/page"}],"author":[{"embeddable":true,"href":"https:\/\/www.vise.hu\/index.php?rest_route=\/wp\/v2\/users\/2"}],"replies":[{"embeddable":true,"href":"https:\/\/www.vise.hu\/index.php?rest_route=%2Fwp%2Fv2%2Fcomments&post=459"}],"version-history":[{"count":2,"href":"https:\/\/www.vise.hu\/index.php?rest_route=\/wp\/v2\/pages\/459\/revisions"}],"predecessor-version":[{"id":664,"href":"https:\/\/www.vise.hu\/index.php?rest_route=\/wp\/v2\/pages\/459\/revisions\/664"}],"up":[{"embeddable":true,"href":"https:\/\/www.vise.hu\/index.php?rest_route=\/wp\/v2\/pages\/25"}],"wp:attachment":[{"href":"https:\/\/www.vise.hu\/index.php?rest_route=%2Fwp%2Fv2%2Fmedia&parent=459"}],"curies":[{"name":"wp","href":"https:\/\/api.w.org\/{rel}","templated":true}]}}