{"id":37,"date":"2019-05-28T18:33:55","date_gmt":"2019-05-28T16:33:55","guid":{"rendered":"http:\/\/192.168.10.109\/?page_id=37"},"modified":"2024-01-22T12:37:14","modified_gmt":"2024-01-22T11:37:14","slug":"tagok","status":"publish","type":"page","link":"https:\/\/www.vise.hu\/?page_id=37","title":{"rendered":"K\u00f6z\u00f6ss\u00e9g"},"content":{"rendered":"\n<figure class=\"wp-block-table aligncenter\"><table><tbody><tr><td><a href=\"https:\/\/meet.google.com\/unu-bjds-gwj\"><strong>VISE<\/strong> chatszoba<\/a><\/td><td><a href=\"https:\/\/meet.google.com\/xry-wckm-hex\"><strong>VISE<\/strong> vezet\u0151s\u00e9gi besz\u00e9lget\u00e9s<\/a><\/td><td><a href=\"http:\/\/meet.google.com\/iox-ojfa-wrk\"><strong>ASE VSC<\/strong> besz\u00e9lget\u00e9s<\/a><\/td><\/tr><\/tbody><\/table><\/figure>\n","protected":false},"excerpt":{"rendered":"<p>VISE chatszoba VISE vezet\u0151s\u00e9gi besz\u00e9lget\u00e9s ASE VSC besz\u00e9lget\u00e9s<\/p>\n","protected":false},"author":2,"featured_media":0,"parent":0,"menu_order":0,"comment_status":"closed","ping_status":"closed","template":"","meta":{"footnotes":""},"class_list":["post-37","page","type-page","status-publish","hentry"],"_links":{"self":[{"href":"https:\/\/www.vise.hu\/index.php?rest_route=\/wp\/v2\/pages\/37","targetHints":{"allow":["GET"]}}],"collection":[{"href":"https:\/\/www.vise.hu\/index.php?rest_route=\/wp\/v2\/pages"}],"about":[{"href":"https:\/\/www.vise.hu\/index.php?rest_route=\/wp\/v2\/types\/page"}],"author":[{"embeddable":true,"href":"https:\/\/www.vise.hu\/index.php?rest_route=\/wp\/v2\/users\/2"}],"replies":[{"embeddable":true,"href":"https:\/\/www.vise.hu\/index.php?rest_route=%2Fwp%2Fv2%2Fcomments&post=37"}],"version-history":[{"count":60,"href":"https:\/\/www.vise.hu\/index.php?rest_route=\/wp\/v2\/pages\/37\/revisions"}],"predecessor-version":[{"id":1672,"href":"https:\/\/www.vise.hu\/index.php?rest_route=\/wp\/v2\/pages\/37\/revisions\/1672"}],"wp:attachment":[{"href":"https:\/\/www.vise.hu\/index.php?rest_route=%2Fwp%2Fv2%2Fmedia&parent=37"}],"curies":[{"name":"wp","href":"https:\/\/api.w.org\/{rel}","templated":true}]}}