{"id":257,"date":"2019-06-03T12:02:05","date_gmt":"2019-06-03T10:02:05","guid":{"rendered":"http:\/\/comptrend.hu\/vise\/?page_id=257"},"modified":"2019-06-03T12:02:53","modified_gmt":"2019-06-03T10:02:53","slug":"hajozasi-szabalyzat","status":"publish","type":"page","link":"https:\/\/www.vise.hu\/?page_id=257","title":{"rendered":"Haj\u00f3z\u00e1si szab\u00e1lyzat"},"content":{"rendered":"\n<div class=\"wp-block-file\"><a href=\"http:\/\/www.vise.hu\/wp-content\/uploads\/2019\/06\/hsz2012.pdf\">Haj\u00f3z\u00e1si szab\u00e1lyzat<\/a><\/div>\n","protected":false},"excerpt":{"rendered":"","protected":false},"author":2,"featured_media":0,"parent":43,"menu_order":0,"comment_status":"closed","ping_status":"closed","template":"","meta":{"footnotes":""},"class_list":["post-257","page","type-page","status-publish","hentry"],"_links":{"self":[{"href":"https:\/\/www.vise.hu\/index.php?rest_route=\/wp\/v2\/pages\/257","targetHints":{"allow":["GET"]}}],"collection":[{"href":"https:\/\/www.vise.hu\/index.php?rest_route=\/wp\/v2\/pages"}],"about":[{"href":"https:\/\/www.vise.hu\/index.php?rest_route=\/wp\/v2\/types\/page"}],"author":[{"embeddable":true,"href":"https:\/\/www.vise.hu\/index.php?rest_route=\/wp\/v2\/users\/2"}],"replies":[{"embeddable":true,"href":"https:\/\/www.vise.hu\/index.php?rest_route=%2Fwp%2Fv2%2Fcomments&post=257"}],"version-history":[{"count":1,"href":"https:\/\/www.vise.hu\/index.php?rest_route=\/wp\/v2\/pages\/257\/revisions"}],"predecessor-version":[{"id":259,"href":"https:\/\/www.vise.hu\/index.php?rest_route=\/wp\/v2\/pages\/257\/revisions\/259"}],"up":[{"embeddable":true,"href":"https:\/\/www.vise.hu\/index.php?rest_route=\/wp\/v2\/pages\/43"}],"wp:attachment":[{"href":"https:\/\/www.vise.hu\/index.php?rest_route=%2Fwp%2Fv2%2Fmedia&parent=257"}],"curies":[{"name":"wp","href":"https:\/\/api.w.org\/{rel}","templated":true}]}}