{"id":248,"date":"2019-06-03T11:42:45","date_gmt":"2019-06-03T09:42:45","guid":{"rendered":"http:\/\/comptrend.hu\/vise\/?page_id=248"},"modified":"2026-05-04T16:48:54","modified_gmt":"2026-05-04T14:48:54","slug":"taborok","status":"publish","type":"page","link":"https:\/\/www.vise.hu\/?page_id=248","title":{"rendered":"T\u00e1borok"},"content":{"rendered":"\n<p>K\u00e9rj\u00fck, hogy a sz\u00fcl\u0151i nyilatkozatot (<a href=\"https:\/\/www.vise.hu\/wp-content\/uploads\/2026\/05\/Szuloinyilatkozat.pdf\"><strong>ezen hivatkoz\u00e1sra kattintva let\u00f6lthet\u0151<\/strong><\/a>) a gyermek hozza mag\u00e1val.<strong><br><\/strong><br>Ezen t\u00falmen\u0151en: a lenti \u0171rlap valamennyi mez\u0151j\u00e9nek kit\u00f6lt\u00e9s\u00e9vel legyenek sz\u00edvesek seg\u00edts\u00e9k munk\u00e1nkat!<\/p>\n\n\n\n<p>A t\u00e1borok r\u00e9sztv\u00e9teli d\u00edjait az <strong>MKB 10300002-10593369-49020018<\/strong> sz\u00e1ml\u00e1ra k\u00e9rj\u00fck utalni!<\/p>\n\n\n\n<p>Seg\u00edts\u00e9g a SZ\u00c9P k\u00e1rty\u00e1val utal\u00f3k sz\u00e1m\u00e1ra: <a href=\"https:\/\/www.vise.hu\/wp-content\/uploads\/2023\/05\/OTP_Szepkartyabelepes.pdf\" target=\"_blank\" rel=\"noreferrer noopener\"><strong>Sz\u00c9P k\u00e1rtya elj\u00e1r\u00e1s<\/strong><\/a><\/p>\n\n\n\n<div class=\"wp-block-columns is-layout-flex wp-container-core-columns-is-layout-9d6595d7 wp-block-columns-is-layout-flex\">\n<div class=\"wp-block-column is-layout-flow wp-block-column-is-layout-flow\" style=\"flex-basis:100%\">\n<figure class=\"wp-block-table is-style-regular\"><table class=\"has-background\" style=\"background-color:#e1ead7\"><tbody><tr><td class=\"has-text-align-left\" data-align=\"left\"><strong>T\u00e1borok<\/strong><\/td><td class=\"has-text-align-center\" data-align=\"center\"><strong>R\u00e9sztv\u00e9teli d\u00edjak \/ f\u0151<\/strong><\/td><\/tr><tr><td class=\"has-text-align-left\" data-align=\"left\"><strong>Dombori&nbsp;<strong>Gyerekt\u00e1bor<\/strong><\/strong> <strong>1<br><\/strong>2026. J\u00fanius 22-26. t\u00e1borvezet\u0151: Stadler Csaba +36 20 9655 501<\/td><td class=\"has-text-align-center\" data-align=\"center\">69.000 <strong>Ft.<\/strong><\/td><\/tr><tr><td class=\"has-text-align-left\" data-align=\"left\"><strong><strong>Dombori&nbsp;<strong>Gyerekt\u00e1bor<\/strong><\/strong> 2<br><\/strong>2026. J\u00fanius 29-J\u00falius 03. t\u00e1borvezet\u0151: Sz\u00e9cskai Viktor +36 30 9379343<\/td><td class=\"has-text-align-center\" data-align=\"center\">69.000 <strong>Ft.<\/strong><\/td><\/tr><tr><td class=\"has-text-align-left\" data-align=\"left\"><strong><strong>Balatonf\u00fcred&nbsp;<strong>gyerekt\u00e1bor <\/strong><\/strong>1<\/strong><br>2026. J\u00falius 05-12. t\u00e1borvezet\u0151: Nagy Jen\u0151 +36 20 4446 783<\/td><td class=\"has-text-align-center\" data-align=\"center\">100.000 <strong>Ft.<\/strong><\/td><\/tr><tr><td class=\"has-text-align-left\" data-align=\"left\"><strong>Balatonf\u00fcred&nbsp;<strong>gyerekt\u00e1bor <\/strong>2<br><\/strong>2026. J\u00falius 12-19. t\u00e1borvezet\u0151: L\u00e1szl\u00f3 Zolt\u00e1n +36 20 9451 480<\/td><td class=\"has-text-align-center\" data-align=\"center\">100.000 <strong>Ft.<\/strong><\/td><\/tr><tr><td class=\"has-text-align-left\" data-align=\"left\"><strong>Balatonf\u00fcred&nbsp;<strong>gyerekt\u00e1bor <\/strong>3<\/strong><br>2026. Augusztus 02-09. t\u00e1borvezet\u0151: Nagy Jen\u0151 +36 20 4446 783<\/td><td class=\"has-text-align-center\" data-align=\"center\">100.000 <strong>Ft.<\/strong><\/td><\/tr><\/tbody><\/table><\/figure>\n<\/div>\n<\/div>\n\n\n<div role=\"form\" class=\"wpcf7\" id=\"wpcf7-f1336-o1\" lang=\"hu-HU\" dir=\"ltr\">\n<div class=\"screen-reader-response\"><p role=\"status\" aria-live=\"polite\" aria-atomic=\"true\"><\/p> <ul><\/ul><\/div>\n<form action=\"\/index.php?rest_route=%2Fwp%2Fv2%2Fpages%2F248#wpcf7-f1336-o1\" method=\"post\" class=\"wpcf7-form init\" novalidate=\"novalidate\" data-status=\"init\">\n<div style=\"display: none;\">\n<input type=\"hidden\" name=\"_wpcf7\" value=\"1336\" \/>\n<input type=\"hidden\" name=\"_wpcf7_version\" value=\"5.5.3\" \/>\n<input type=\"hidden\" name=\"_wpcf7_locale\" value=\"hu_HU\" \/>\n<input type=\"hidden\" name=\"_wpcf7_unit_tag\" value=\"wpcf7-f1336-o1\" \/>\n<input type=\"hidden\" name=\"_wpcf7_container_post\" value=\"0\" \/>\n<input type=\"hidden\" name=\"_wpcf7_posted_data_hash\" value=\"\" \/>\n<\/div>\n<p><label> A t\u00e1borban r\u00e9sztvev\u0151 neve:<br \/>\n    <span class=\"wpcf7-form-control-wrap your-name1\"><input type=\"text\" name=\"your-name1\" value=\"\" size=\"40\" class=\"wpcf7-form-control wpcf7-text wpcf7-validates-as-required\" aria-required=\"true\" aria-invalid=\"false\" \/><\/span> <\/label><br \/>\n<label> Az al\u00e1bbi t\u00e1bor(ok)ban szeretn\u00e9k r\u00e9sztvenni:<\/label><br \/>\n<span class=\"wpcf7-form-control-wrap taborvalasztas\"><span class=\"wpcf7-form-control wpcf7-checkbox wpcf7-validates-as-required\"><span class=\"wpcf7-list-item first\"><input type=\"checkbox\" name=\"taborvalasztas[]\" value=\"Gyerekt\u00e1bor Dombori 1.\" \/><span class=\"wpcf7-list-item-label\">Gyerekt\u00e1bor Dombori 1.<\/span><\/span><span class=\"wpcf7-list-item\"><input type=\"checkbox\" name=\"taborvalasztas[]\" value=\"Gyerekt\u00e1bor Dombori 2.\" \/><span class=\"wpcf7-list-item-label\">Gyerekt\u00e1bor Dombori 2.<\/span><\/span><span class=\"wpcf7-list-item\"><input type=\"checkbox\" name=\"taborvalasztas[]\" value=\"Gyerekt\u00e1bor F\u00fcred 1.\" \/><span class=\"wpcf7-list-item-label\">Gyerekt\u00e1bor F\u00fcred 1.<\/span><\/span><span class=\"wpcf7-list-item\"><input type=\"checkbox\" name=\"taborvalasztas[]\" value=\"Gyerekt\u00e1bor F\u00fcred 2.\" \/><span class=\"wpcf7-list-item-label\">Gyerekt\u00e1bor F\u00fcred 2.<\/span><\/span><span class=\"wpcf7-list-item last\"><input type=\"checkbox\" name=\"taborvalasztas[]\" value=\"Gyerekt\u00e1bor F\u00fcred 3.\" \/><span class=\"wpcf7-list-item-label\">Gyerekt\u00e1bor F\u00fcred 3.<\/span><\/span><\/span><\/span><br \/>\n<label> A gondvisel\u0151 (befizet\u0151) neve:<br \/>\n    <span class=\"wpcf7-form-control-wrap your-name2\"><input type=\"text\" name=\"your-name2\" value=\"\" size=\"40\" class=\"wpcf7-form-control wpcf7-text wpcf7-validates-as-required\" aria-required=\"true\" aria-invalid=\"false\" \/><\/span> <\/label><br \/>\n<label> Ir\u00e1ny\u00edt\u00f3 sz\u00e1m:<br \/>\n    <span class=\"wpcf7-form-control-wrap your-number\"><input type=\"number\" name=\"your-number\" value=\"\" class=\"wpcf7-form-control wpcf7-number wpcf7-validates-as-required wpcf7-validates-as-number\" min=\"1000\" max=\"9999\" aria-required=\"true\" aria-invalid=\"false\" \/><\/span> <\/label><br \/>\n<label> Lakc\u00edm (v\u00e1ros):<br \/>\n    <span class=\"wpcf7-form-control-wrap your-name3\"><input type=\"text\" name=\"your-name3\" value=\"\" size=\"40\" class=\"wpcf7-form-control wpcf7-text wpcf7-validates-as-required\" aria-required=\"true\" aria-invalid=\"false\" \/><\/span> <\/label><br \/>\n<label> Utca \u00e9s h\u00e1zsz\u00e1m:<br \/>\n    <span class=\"wpcf7-form-control-wrap your-name5\"><input type=\"text\" name=\"your-name5\" value=\"\" size=\"40\" class=\"wpcf7-form-control wpcf7-text wpcf7-validates-as-required\" aria-required=\"true\" aria-invalid=\"false\" \/><\/span> <\/label><br \/>\n<label> Van-e \u00e9tel alergia \u00e9s mire?:<br \/>\n    <span class=\"wpcf7-form-control-wrap your-name4\"><input type=\"text\" name=\"your-name4\" value=\"\" size=\"40\" class=\"wpcf7-form-control wpcf7-text wpcf7-validates-as-required\" aria-required=\"true\" aria-invalid=\"false\" \/><\/span> <\/label><br \/>\n<label> TAJ sz\u00e1m:<br \/>\n    <span class=\"wpcf7-form-control-wrap your-number1\"><input type=\"number\" name=\"your-number1\" value=\"\" class=\"wpcf7-form-control wpcf7-number wpcf7-validates-as-required wpcf7-validates-as-number\" aria-required=\"true\" aria-invalid=\"false\" \/><\/span> <\/label><br \/>\n<label> Email c\u00edm, amelyre a sz\u00e1ml\u00e1t k\u00e9ri:<br \/>\n    <span class=\"wpcf7-form-control-wrap your-email\"><input type=\"email\" name=\"your-email\" value=\"\" size=\"40\" class=\"wpcf7-form-control wpcf7-text wpcf7-email wpcf7-validates-as-required wpcf7-validates-as-email\" aria-required=\"true\" aria-invalid=\"false\" \/><\/span> <\/label><br \/>\n<label> A kapcsolattart\u00f3 telefonsz\u00e1ma (egybe\u00edrva, +36123456789):<br \/>\n    <span class=\"wpcf7-form-control-wrap your-tel\"><input type=\"tel\" name=\"your-tel\" value=\"+36\" size=\"40\" maxlength=\"12\" minlength=\"11\" class=\"wpcf7-form-control wpcf7-text wpcf7-tel wpcf7-validates-as-required wpcf7-validates-as-tel\" aria-required=\"true\" aria-invalid=\"false\" \/><\/span> <\/label><br \/>\n<input type=\"submit\" value=\"K\u00fcld\u00e9s\" class=\"wpcf7-form-control has-spinner wpcf7-submit\" \/><\/p>\n<div class=\"wpcf7-response-output\" aria-hidden=\"true\"><\/div><\/form><\/div>\n","protected":false},"excerpt":{"rendered":"<p>K\u00e9rj\u00fck, hogy a sz\u00fcl\u0151i nyilatkozatot (ezen hivatkoz\u00e1sra kattintva let\u00f6lthet\u0151) a gyermek hozza mag\u00e1val.Ezen t\u00falmen\u0151en: a lenti \u0171rlap valamennyi mez\u0151j\u00e9nek kit\u00f6lt\u00e9s\u00e9vel legyenek sz\u00edvesek seg\u00edts\u00e9k munk\u00e1nkat! A t\u00e1borok r\u00e9sztv\u00e9teli d\u00edjait az MKB &#8230;<\/p>\n","protected":false},"author":2,"featured_media":0,"parent":0,"menu_order":0,"comment_status":"closed","ping_status":"closed","template":"","meta":{"footnotes":""},"class_list":["post-248","page","type-page","status-publish","hentry"],"_links":{"self":[{"href":"https:\/\/www.vise.hu\/index.php?rest_route=\/wp\/v2\/pages\/248","targetHints":{"allow":["GET"]}}],"collection":[{"href":"https:\/\/www.vise.hu\/index.php?rest_route=\/wp\/v2\/pages"}],"about":[{"href":"https:\/\/www.vise.hu\/index.php?rest_route=\/wp\/v2\/types\/page"}],"author":[{"embeddable":true,"href":"https:\/\/www.vise.hu\/index.php?rest_route=\/wp\/v2\/users\/2"}],"replies":[{"embeddable":true,"href":"https:\/\/www.vise.hu\/index.php?rest_route=%2Fwp%2Fv2%2Fcomments&post=248"}],"version-history":[{"count":65,"href":"https:\/\/www.vise.hu\/index.php?rest_route=\/wp\/v2\/pages\/248\/revisions"}],"predecessor-version":[{"id":2027,"href":"https:\/\/www.vise.hu\/index.php?rest_route=\/wp\/v2\/pages\/248\/revisions\/2027"}],"wp:attachment":[{"href":"https:\/\/www.vise.hu\/index.php?rest_route=%2Fwp%2Fv2%2Fmedia&parent=248"}],"curies":[{"name":"wp","href":"https:\/\/api.w.org\/{rel}","templated":true}]}}