{"id":24,"date":"2021-05-03T00:01:00","date_gmt":"2021-05-02T22:01:00","guid":{"rendered":"http:\/\/192.168.10.109\/?page_id=24"},"modified":"2026-02-19T16:49:33","modified_gmt":"2026-02-19T15:49:33","slug":"media","status":"publish","type":"page","link":"https:\/\/www.vise.hu\/?page_id=24","title":{"rendered":"Szavaz\u00e1s"},"content":{"rendered":"\n<h2 class=\"wp-block-heading\">Nincs eld\u00f6ntend\u0151 k\u00e9rd\u00e9s.<\/h2>\n\n\n","protected":false},"excerpt":{"rendered":"<p>Nincs eld\u00f6ntend\u0151 k\u00e9rd\u00e9s.<\/p>\n","protected":false},"author":2,"featured_media":0,"parent":0,"menu_order":0,"comment_status":"closed","ping_status":"closed","template":"","meta":{"footnotes":""},"class_list":["post-24","page","type-page","status-publish","hentry"],"_links":{"self":[{"href":"https:\/\/www.vise.hu\/index.php?rest_route=\/wp\/v2\/pages\/24","targetHints":{"allow":["GET"]}}],"collection":[{"href":"https:\/\/www.vise.hu\/index.php?rest_route=\/wp\/v2\/pages"}],"about":[{"href":"https:\/\/www.vise.hu\/index.php?rest_route=\/wp\/v2\/types\/page"}],"author":[{"embeddable":true,"href":"https:\/\/www.vise.hu\/index.php?rest_route=\/wp\/v2\/users\/2"}],"replies":[{"embeddable":true,"href":"https:\/\/www.vise.hu\/index.php?rest_route=%2Fwp%2Fv2%2Fcomments&post=24"}],"version-history":[{"count":54,"href":"https:\/\/www.vise.hu\/index.php?rest_route=\/wp\/v2\/pages\/24\/revisions"}],"predecessor-version":[{"id":1983,"href":"https:\/\/www.vise.hu\/index.php?rest_route=\/wp\/v2\/pages\/24\/revisions\/1983"}],"wp:attachment":[{"href":"https:\/\/www.vise.hu\/index.php?rest_route=%2Fwp%2Fv2%2Fmedia&parent=24"}],"curies":[{"name":"wp","href":"https:\/\/api.w.org\/{rel}","templated":true}]}}