{"id":23,"date":"2019-05-28T18:32:50","date_gmt":"2019-05-28T16:32:50","guid":{"rendered":"http:\/\/192.168.10.109\/?page_id=23"},"modified":"2022-05-04T14:43:37","modified_gmt":"2022-05-04T12:43:37","slug":"vvt","status":"publish","type":"page","link":"https:\/\/www.vise.hu\/?page_id=23","title":{"rendered":"Iratmint\u00e1k"},"content":{"rendered":"\n<div class=\"wp-block-file\"><a href=\"https:\/\/www.vise.hu\/wp-content\/uploads\/2019\/06\/BelepKerelemMagan.doc\" target=\"_blank\" rel=\"noreferrer noopener\">Bel\u00e9p\u00e9si k\u00e9relem mag\u00e1nszem\u00e9lyeknek<\/a><\/div>\n\n\n\n<div class=\"wp-block-file\"><a href=\"https:\/\/www.vise.hu\/wp-content\/uploads\/2019\/06\/BelepKerelemJogi.doc\" target=\"_blank\" rel=\"noreferrer noopener\">Bel\u00e9p\u00e9si k\u00e9relem jogi szem\u00e9lyeknek<\/a><\/div>\n\n\n\n<div class=\"wp-block-file\"><a href=\"https:\/\/www.vise.hu\/wp-content\/uploads\/2019\/11\/VitorlasTabor_18.docx\" target=\"_blank\" rel=\"noreferrer noopener\">Vitorl\u00e1s t\u00e1bor t\u00e1mogat\u00e1si nyomtatv\u00e1ny 18-as sz\u00e1mla<\/a><\/div>\n\n\n\n<div class=\"wp-block-file\"><a href=\"https:\/\/www.vise.hu\/wp-content\/uploads\/2019\/06\/TamogatMagan18.docx\" target=\"_blank\" rel=\"noreferrer noopener\">T\u00e1mogat\u00e1si nyomtatv\u00e1ny 18-as sz\u00e1mla<\/a><\/div>\n\n\n\n<div class=\"wp-block-file\"><a href=\"https:\/\/www.vise.hu\/wp-content\/uploads\/2019\/06\/TamogatMagan25.docx\" target=\"_blank\" rel=\"noreferrer noopener\">T\u00e1mogat\u00e1si nyomtatv\u00e1ny 25-\u00f6s sz\u00e1mla<\/a><\/div>\n\n\n\n<div class=\"wp-block-file\"><a href=\"https:\/\/www.vise.hu\/wp-content\/uploads\/2019\/06\/AdomanyCeges.docx\" target=\"_blank\" rel=\"noreferrer noopener\">C\u00e9ges adom\u00e1nyoz\u00e1si szerz\u0151d\u00e9s<\/a><\/div>\n\n\n\n<div class=\"wp-block-file\"><a href=\"https:\/\/www.vise.hu\/wp-content\/uploads\/2019\/06\/A4_fejl\u00e9ces\u00c1ll\u00f3.docx\" target=\"_blank\" rel=\"noreferrer noopener\">A4_fejl\u00e9ces \u00e1ll\u00f3 form\u00e1tum<\/a><\/div>\n","protected":false},"excerpt":{"rendered":"","protected":false},"author":1,"featured_media":0,"parent":0,"menu_order":0,"comment_status":"closed","ping_status":"closed","template":"","meta":{"footnotes":""},"class_list":["post-23","page","type-page","status-publish","hentry"],"_links":{"self":[{"href":"https:\/\/www.vise.hu\/index.php?rest_route=\/wp\/v2\/pages\/23","targetHints":{"allow":["GET"]}}],"collection":[{"href":"https:\/\/www.vise.hu\/index.php?rest_route=\/wp\/v2\/pages"}],"about":[{"href":"https:\/\/www.vise.hu\/index.php?rest_route=\/wp\/v2\/types\/page"}],"author":[{"embeddable":true,"href":"https:\/\/www.vise.hu\/index.php?rest_route=\/wp\/v2\/users\/1"}],"replies":[{"embeddable":true,"href":"https:\/\/www.vise.hu\/index.php?rest_route=%2Fwp%2Fv2%2Fcomments&post=23"}],"version-history":[{"count":26,"href":"https:\/\/www.vise.hu\/index.php?rest_route=\/wp\/v2\/pages\/23\/revisions"}],"predecessor-version":[{"id":1121,"href":"https:\/\/www.vise.hu\/index.php?rest_route=\/wp\/v2\/pages\/23\/revisions\/1121"}],"wp:attachment":[{"href":"https:\/\/www.vise.hu\/index.php?rest_route=%2Fwp%2Fv2%2Fmedia&parent=23"}],"curies":[{"name":"wp","href":"https:\/\/api.w.org\/{rel}","templated":true}]}}