{"id":214,"date":"2019-05-30T15:18:46","date_gmt":"2019-05-30T13:18:46","guid":{"rendered":"http:\/\/comptrend.hu\/vise\/?page_id=214"},"modified":"2019-06-07T18:51:00","modified_gmt":"2019-06-07T16:51:00","slug":"gdpr","status":"publish","type":"page","link":"https:\/\/www.vise.hu\/?page_id=214","title":{"rendered":"GDPR"},"content":{"rendered":"\n<div class=\"wp-block-file\"><a href=\"http:\/\/www.vise.hu\/wp-content\/uploads\/2019\/06\/adatvedelmi_es_adatkezelesi_szabalyzat_gdpr.pdf\"> Adatv\u00e9delmi \u00e9s adatkezel\u00e9si szab\u00e1lyzat <\/a><\/div>\n","protected":false},"excerpt":{"rendered":"","protected":false},"author":2,"featured_media":0,"parent":43,"menu_order":0,"comment_status":"closed","ping_status":"closed","template":"","meta":{"footnotes":""},"class_list":["post-214","page","type-page","status-publish","hentry"],"_links":{"self":[{"href":"https:\/\/www.vise.hu\/index.php?rest_route=\/wp\/v2\/pages\/214","targetHints":{"allow":["GET"]}}],"collection":[{"href":"https:\/\/www.vise.hu\/index.php?rest_route=\/wp\/v2\/pages"}],"about":[{"href":"https:\/\/www.vise.hu\/index.php?rest_route=\/wp\/v2\/types\/page"}],"author":[{"embeddable":true,"href":"https:\/\/www.vise.hu\/index.php?rest_route=\/wp\/v2\/users\/2"}],"replies":[{"embeddable":true,"href":"https:\/\/www.vise.hu\/index.php?rest_route=%2Fwp%2Fv2%2Fcomments&post=214"}],"version-history":[{"count":3,"href":"https:\/\/www.vise.hu\/index.php?rest_route=\/wp\/v2\/pages\/214\/revisions"}],"predecessor-version":[{"id":683,"href":"https:\/\/www.vise.hu\/index.php?rest_route=\/wp\/v2\/pages\/214\/revisions\/683"}],"up":[{"embeddable":true,"href":"https:\/\/www.vise.hu\/index.php?rest_route=\/wp\/v2\/pages\/43"}],"wp:attachment":[{"href":"https:\/\/www.vise.hu\/index.php?rest_route=%2Fwp%2Fv2%2Fmedia&parent=214"}],"curies":[{"name":"wp","href":"https:\/\/api.w.org\/{rel}","templated":true}]}}