{"id":168,"date":"2019-05-30T12:42:53","date_gmt":"2019-05-30T10:42:53","guid":{"rendered":"http:\/\/comptrend.hu\/vise\/?page_id=168"},"modified":"2019-06-07T14:57:15","modified_gmt":"2019-06-07T12:57:15","slug":"ceg-tamogatok","status":"publish","type":"page","link":"https:\/\/www.vise.hu\/?page_id=168","title":{"rendered":"T\u00e1mogat\u00f3 v\u00e1llalkoz\u00e1sok"},"content":{"rendered":"\n<div class=\"wp-block-file\"><a href=\"http:\/\/www.vise.hu\/wp-content\/uploads\/2019\/06\/AdomanyozasiszerzodesChesterton2018.pdf\"> Adom\u00e1nyoz\u00e1si Szerz\u0151d\u00e9s Chesterton 2018 <\/a><\/div>\n\n\n\n<div class=\"wp-block-file\"><a href=\"http:\/\/www.vise.hu\/wp-content\/uploads\/2019\/05\/Chesterton-2017.pdf\">Chesterton-2017<\/a><\/div>\n\n\n\n<div class=\"wp-block-file\"><a href=\"http:\/\/www.vise.hu\/wp-content\/uploads\/2019\/05\/CORWELD-2017.pdf\">CORWELD-2017<\/a><\/div>\n\n\n\n<div class=\"wp-block-file\"><a href=\"http:\/\/www.vise.hu\/wp-content\/uploads\/2019\/05\/HEPENIX.pdf\">HEPENIX 2017<\/a><\/div>\n\n\n\n<div class=\"wp-block-file\"><a href=\"http:\/\/www.vise.hu\/wp-content\/uploads\/2019\/05\/PADOSZ-2014.pdf\">PADOSZ-2014<\/a><\/div>\n","protected":false},"excerpt":{"rendered":"","protected":false},"author":2,"featured_media":0,"parent":25,"menu_order":0,"comment_status":"closed","ping_status":"closed","template":"","meta":{"footnotes":""},"class_list":["post-168","page","type-page","status-publish","hentry"],"_links":{"self":[{"href":"https:\/\/www.vise.hu\/index.php?rest_route=\/wp\/v2\/pages\/168","targetHints":{"allow":["GET"]}}],"collection":[{"href":"https:\/\/www.vise.hu\/index.php?rest_route=\/wp\/v2\/pages"}],"about":[{"href":"https:\/\/www.vise.hu\/index.php?rest_route=\/wp\/v2\/types\/page"}],"author":[{"embeddable":true,"href":"https:\/\/www.vise.hu\/index.php?rest_route=\/wp\/v2\/users\/2"}],"replies":[{"embeddable":true,"href":"https:\/\/www.vise.hu\/index.php?rest_route=%2Fwp%2Fv2%2Fcomments&post=168"}],"version-history":[{"count":4,"href":"https:\/\/www.vise.hu\/index.php?rest_route=\/wp\/v2\/pages\/168\/revisions"}],"predecessor-version":[{"id":675,"href":"https:\/\/www.vise.hu\/index.php?rest_route=\/wp\/v2\/pages\/168\/revisions\/675"}],"up":[{"embeddable":true,"href":"https:\/\/www.vise.hu\/index.php?rest_route=\/wp\/v2\/pages\/25"}],"wp:attachment":[{"href":"https:\/\/www.vise.hu\/index.php?rest_route=%2Fwp%2Fv2%2Fmedia&parent=168"}],"curies":[{"name":"wp","href":"https:\/\/api.w.org\/{rel}","templated":true}]}}