{"id":158,"date":"2019-05-30T12:37:04","date_gmt":"2019-05-30T10:37:04","guid":{"rendered":"http:\/\/comptrend.hu\/vise\/?page_id=158"},"modified":"2019-06-07T14:51:01","modified_gmt":"2019-06-07T12:51:01","slug":"palyazatok","status":"publish","type":"page","link":"https:\/\/www.vise.hu\/?page_id=158","title":{"rendered":"P\u00e1ly\u00e1zatok"},"content":{"rendered":"\n<div class=\"wp-block-file\"><a href=\"http:\/\/www.vise.hu\/wp-content\/uploads\/2019\/06\/Paks-gyerektaborok-2019.pdf\"> Paks-\u00f6nkorm\u00e1nyzat-p\u00e1ly\u00e1zat-gyerekt\u00e1borok-2019 <\/a><\/div>\n\n\n\n<div class=\"wp-block-file\"><a href=\"http:\/\/www.vise.hu\/wp-content\/uploads\/2019\/06\/Paks-onkormanyzat-palyazat-2018.pdf\"> Paks-\u00f6nkorm\u00e1nyzat-p\u00e1ly\u00e1zat-gyerekt\u00e1borok 2018 <\/a><\/div>\n\n\n\n<div class=\"wp-block-file\"><a href=\"http:\/\/www.vise.hu\/wp-content\/uploads\/2019\/06\/Paks-onkormanyzat-gyerektabor-beszamolo-2018.pdf\"> Paks-\u00f6nkorm\u00e1nyzat-p\u00e1ly\u00e1zat-gyerekt\u00e1borok-besz\u00e1mol\u00f3-2018 <\/a><\/div>\n\n\n\n<div class=\"wp-block-file\"><a href=\"http:\/\/www.vise.hu\/wp-content\/uploads\/2019\/06\/Paks-onkormanyzat-radio-palyazat-beszamolo-2018.pdf\"> Paks-\u00f6nkorm\u00e1nyzat-p\u00e1ly\u00e1zat-r\u00e1di\u00f3-2018 <\/a><\/div>\n\n\n\n<div class=\"wp-block-file\"><a href=\"http:\/\/www.vise.hu\/wp-content\/uploads\/2019\/06\/Paks-onkormanyzat-radio-palyazat-beszamolo-2018.pdf\"> Paks-\u00f6nkorm\u00e1nyzat-p\u00e1ly\u00e1zat-r\u00e1di\u00f3-besz\u00e1mol\u00f3-2018 <\/a><\/div>\n\n\n\n<div class=\"wp-block-file\"><a href=\"http:\/\/www.vise.hu\/wp-content\/uploads\/2019\/06\/Radio-kerelem-PAZrt-2018.pdf\"> R\u00e1di\u00f3-k\u00e9relem-PAZrt-2018 <\/a><\/div>\n\n\n\n<div class=\"wp-block-file\"><a href=\"http:\/\/www.vise.hu\/wp-content\/uploads\/2019\/06\/Oktatasi-kerelem-PAZrt-2018.pdf\"> Oktat\u00e1si-k\u00e9relem-PAZrt-2018 <\/a><\/div>\n","protected":false},"excerpt":{"rendered":"","protected":false},"author":2,"featured_media":0,"parent":25,"menu_order":0,"comment_status":"closed","ping_status":"closed","template":"","meta":{"footnotes":""},"class_list":["post-158","page","type-page","status-publish","hentry"],"_links":{"self":[{"href":"https:\/\/www.vise.hu\/index.php?rest_route=\/wp\/v2\/pages\/158","targetHints":{"allow":["GET"]}}],"collection":[{"href":"https:\/\/www.vise.hu\/index.php?rest_route=\/wp\/v2\/pages"}],"about":[{"href":"https:\/\/www.vise.hu\/index.php?rest_route=\/wp\/v2\/types\/page"}],"author":[{"embeddable":true,"href":"https:\/\/www.vise.hu\/index.php?rest_route=\/wp\/v2\/users\/2"}],"replies":[{"embeddable":true,"href":"https:\/\/www.vise.hu\/index.php?rest_route=%2Fwp%2Fv2%2Fcomments&post=158"}],"version-history":[{"count":3,"href":"https:\/\/www.vise.hu\/index.php?rest_route=\/wp\/v2\/pages\/158\/revisions"}],"predecessor-version":[{"id":673,"href":"https:\/\/www.vise.hu\/index.php?rest_route=\/wp\/v2\/pages\/158\/revisions\/673"}],"up":[{"embeddable":true,"href":"https:\/\/www.vise.hu\/index.php?rest_route=\/wp\/v2\/pages\/25"}],"wp:attachment":[{"href":"https:\/\/www.vise.hu\/index.php?rest_route=%2Fwp%2Fv2%2Fmedia&parent=158"}],"curies":[{"name":"wp","href":"https:\/\/api.w.org\/{rel}","templated":true}]}}