{"id":1161,"date":"2021-05-12T06:06:04","date_gmt":"2021-05-12T04:06:04","guid":{"rendered":"https:\/\/www.vise.hu\/?page_id=1161"},"modified":"2026-03-13T08:56:55","modified_gmt":"2026-03-13T07:56:55","slug":"beszelgeto-szobak","status":"publish","type":"page","link":"https:\/\/www.vise.hu\/?page_id=1161","title":{"rendered":"Besz\u00e9lget\u0151 &#8222;szob\u00e1k&#8221;"},"content":{"rendered":"\n<figure class=\"wp-block-table aligncenter\"><table class=\"has-fixed-layout\"><tbody><tr><td class=\"has-text-align-center\" data-align=\"center\"><a href=\"https:\/\/meet.google.com\/unu-bjds-gwj\" target=\"_blank\" rel=\"noreferrer noopener\"><img loading=\"lazy\" decoding=\"async\" width=\"150\" height=\"164\" class=\"wp-image-1152\" style=\"width: 150px;\" src=\"https:\/\/www.vise.hu\/wp-content\/uploads\/2021\/05\/visebeszelgetes.jpg\" alt=\"\" srcset=\"https:\/\/www.vise.hu\/wp-content\/uploads\/2021\/05\/visebeszelgetes.jpg 434w, https:\/\/www.vise.hu\/wp-content\/uploads\/2021\/05\/visebeszelgetes-275x300.jpg 275w\" sizes=\"auto, (max-width: 150px) 100vw, 150px\" \/><\/a><\/td><\/tr><\/tbody><\/table><\/figure>\n\n\n\n<p><\/p>\n","protected":false},"excerpt":{"rendered":"","protected":false},"author":2,"featured_media":0,"parent":37,"menu_order":0,"comment_status":"closed","ping_status":"closed","template":"","meta":{"footnotes":""},"class_list":["post-1161","page","type-page","status-publish","hentry"],"_links":{"self":[{"href":"https:\/\/www.vise.hu\/index.php?rest_route=\/wp\/v2\/pages\/1161","targetHints":{"allow":["GET"]}}],"collection":[{"href":"https:\/\/www.vise.hu\/index.php?rest_route=\/wp\/v2\/pages"}],"about":[{"href":"https:\/\/www.vise.hu\/index.php?rest_route=\/wp\/v2\/types\/page"}],"author":[{"embeddable":true,"href":"https:\/\/www.vise.hu\/index.php?rest_route=\/wp\/v2\/users\/2"}],"replies":[{"embeddable":true,"href":"https:\/\/www.vise.hu\/index.php?rest_route=%2Fwp%2Fv2%2Fcomments&post=1161"}],"version-history":[{"count":20,"href":"https:\/\/www.vise.hu\/index.php?rest_route=\/wp\/v2\/pages\/1161\/revisions"}],"predecessor-version":[{"id":2001,"href":"https:\/\/www.vise.hu\/index.php?rest_route=\/wp\/v2\/pages\/1161\/revisions\/2001"}],"up":[{"embeddable":true,"href":"https:\/\/www.vise.hu\/index.php?rest_route=\/wp\/v2\/pages\/37"}],"wp:attachment":[{"href":"https:\/\/www.vise.hu\/index.php?rest_route=%2Fwp%2Fv2%2Fmedia&parent=1161"}],"curies":[{"name":"wp","href":"https:\/\/api.w.org\/{rel}","templated":true}]}}